{"id":10108,"date":"2022-08-10T09:43:55","date_gmt":"2022-08-10T14:43:55","guid":{"rendered":"https:\/\/basicas.utp.edu.co\/matematicas\/?page_id=10030"},"modified":"2024-10-17T11:08:08","modified_gmt":"2024-10-17T16:08:08","slug":"inversion-y-financiacion","status":"publish","type":"page","link":"https:\/\/salud.utp.edu.co\/especializacion-gerencia-deporte-recreacion\/inversion-y-financiacion\/","title":{"rendered":"Inversi\u00f3n y Financiaci\u00f3n"},"content":{"rendered":"\n<div class=\"wp-block-columns are-vertically-aligned-center is-layout-flex wp-container-core-columns-is-layout-9d6595d7 wp-block-columns-is-layout-flex\">\n<div class=\"wp-block-column is-vertically-aligned-center is-layout-flow wp-block-column-is-layout-flow\">\n<figure class=\"wp-block-image size-large\"><img decoding=\"async\" src=\"https:\/\/media2.utp.edu.co\/programas\/7\/valor-de-la-matricula.png\" alt=\"\" \/><\/figure>\n<\/div>\n\n\n\n<div class=\"wp-block-column is-vertically-aligned-center is-layout-flow wp-block-column-is-layout-flow\">\n<p><span class=\"post-content__span\"> <\/p>\n<\/div>\n<\/div>\n\n\n\n<p><span class=\"post-content__span\"> <strong>INVERSI\u00d3N<\/strong><\/p>\n\n\n\n<p><span class=\"post-content__span\"> <strong>Inscripci\u00f3n:<\/strong>&nbsp;0.25 SMMLV<\/p>\n\n\n\n<p><span class=\"post-content__span\"> <strong>Matr\u00edcula:<\/strong>\u00a04.5 SMMLV<\/p>\n\n\n\n<p><span class=\"post-content__span\"> <strong>FINANCIACI\u00d3N<\/strong><\/p>\n\n\n\n<p><span class=\"post-content__span\"> <strong>Fondo de Empleados&nbsp;para&nbsp;la Asistencia Social de la Universidad Tecnol\u00f3gica de Pereira \u2013&nbsp;FASUT<\/strong><\/p>\n\n\n\n<p><span class=\"post-content__span\"> <strong>Contacto:<\/strong>&nbsp;Marcela Duran 302 2911311<br>e-mail:&nbsp;<a href=\"https:\/\/ehajajg.r.af.d.sendibt2.com\/tr\/cl\/Me3rDJwCHCjZFAoGPejzRhDN9RGfKTKmWXylqo8KVY9yq9q2y6Re7PR3V5aopAYeEdYup-LDS-M6oRQT6VpcFgtZjU6-0fhaOVIdGs9GqX9YTiA8d3aCIb_2mbjam-G96jQXkHgmyzoS2rmOF31ZLXSLArpHb5q0mRVyix-00aR2fK22W5Ya9oA1fypY892RVVrtrq-XiJ5QSoUhOiwfbc9WK2m0GL9EyeAEUtUBKV8SovbkQ_EaIb4\" target=\"_blank\" rel=\"noreferrer noopener\">fasutcreditoeducativo@gmail.com<\/a><\/p>\n\n\n\n<p><span class=\"post-content__span\"> Edificio cafeter\u00eda principal de la UTP \u2022&nbsp;<strong>Tel\u00e9fonos:<\/strong>&nbsp;321 0029 \u2013 313 7405<\/p>\n\n\n\n<p><span class=\"post-content__span\"> <strong>ICETEX<\/strong><\/p>\n\n\n\n<p><span class=\"post-content__span\"> <strong>Contacto:<\/strong>&nbsp;Eliana Giraldo \u2013 ICETEX UTP 320 7261247<br>e-mail:&nbsp;<a href=\"https:\/\/ehajajg.r.af.d.sendibt2.com\/tr\/cl\/4mOCCtDrdjykZuYzMMNy-H3NBAmdzq4--Jnyp6kCmUczaN13oVoVBwgai_VkEIkngfPvkD4O8p7MiMQ2dAsRtdHlc6Amhcpo4Rij_kNcvcO-5oCD0TTnjqAjqkXML_f6vMR5uZwWAdvbRPvtCthpFmXWzIfXNvrViUZy7ZWfydarbDvMxgb0HcUqTiQk5CPWMf-L9k5yHi71xO9-bg0vjAorF6WgghAPhhss\" target=\"_blank\" rel=\"noreferrer noopener\">icetex@utp.edu.co<\/a><\/p>\n\n\n\n<p><span class=\"post-content__span\"> <a href=\"https:\/\/feriaposgrados.utp.edu.co\/files\/folleto-financiacion.pdf\"><strong>Ampliar Informaci\u00f3n<\/strong><\/a><\/p>\n\n\n\n<p><span class=\"post-content__span\"> <strong>DESCUENTOS<\/strong><\/p>\n\n\n\n<p><span class=\"post-content__span\"> <strong>Descuento de egresados:&nbsp;<\/strong>&nbsp;El&nbsp;acuerdo&nbsp;16&nbsp;del&nbsp;12 de Julio de 2013 en&nbsp;el&nbsp;art\u00edculo 1 indica que \u201c\u2026&nbsp;los&nbsp;egresados de la Universidad tendr\u00e1n derecho a&nbsp;un&nbsp;descuento&nbsp;del&nbsp;diez por ciento&nbsp;del&nbsp;valor de la matr\u00edcula financiera&nbsp;en todos&nbsp;los&nbsp;programas de postgrados a&nbsp;los&nbsp;que ingresen seg\u00fan las reglas de selecci\u00f3n previstos en&nbsp;los&nbsp;reglamentos\u201d.\u00ad<\/p>\n\n\n\n<p><span class=\"post-content__span\"> \u00ad<strong>Descuento de votaci\u00f3n:<\/strong><br>&nbsp;La ley 815&nbsp;del&nbsp;7 de Julio de 2003 que establece nuevos est\u00edmulos a&nbsp;los&nbsp;sufragantes en&nbsp;el&nbsp;art\u00edculo 1 dice que \u201c el&nbsp;descuento&nbsp;del&nbsp;diez por ciento (10%) en&nbsp;el&nbsp;valor de la matr\u00edcula&nbsp;a que tiene derecho&nbsp;el&nbsp;estudiante de Instituci\u00f3n Oficial de Educaci\u00f3n Superior, como beneficio por&nbsp;el&nbsp;ejercicio&nbsp;del&nbsp;sufragio, se har\u00e1 efectivo no s\u00f3lo en&nbsp;el&nbsp;per\u00edodo acad\u00e9mico inmediatamente siguiente&nbsp;al&nbsp;ejercicio&nbsp;del&nbsp;sufragio sino en todos&nbsp;los&nbsp;per\u00edodos acad\u00e9micos que tengan lugar hasta las votaciones siguientes en que pueda participar\u201d.<\/p>\n","protected":false},"excerpt":{"rendered":"<p>INVERSI\u00d3N Inscripci\u00f3n:&nbsp;0.25 SMMLV Matr\u00edcula:\u00a04.5 SMMLV FINANCIACI\u00d3N Fondo de Empleados&nbsp;para&nbsp;la Asistencia Social de la Universidad Tecnol\u00f3gica de Pereira \u2013&nbsp;FASUT Contacto:&nbsp;Marcela Duran 302 2911311e-mail:&nbsp;fasutcreditoeducativo@gmail.com Edificio cafeter\u00eda principal de la UTP \u2022&nbsp;Tel\u00e9fonos:&nbsp;321 0029 [&#8230;]<\/p>\n","protected":false},"author":1,"featured_media":0,"parent":0,"menu_order":0,"comment_status":"closed","ping_status":"closed","template":"","meta":{"footnotes":""},"class_list":["post-10108","page","type-page","status-publish","hentry"],"_links":{"self":[{"href":"https:\/\/salud.utp.edu.co\/especializacion-gerencia-deporte-recreacion\/wp-json\/wp\/v2\/pages\/10108","targetHints":{"allow":["GET"]}}],"collection":[{"href":"https:\/\/salud.utp.edu.co\/especializacion-gerencia-deporte-recreacion\/wp-json\/wp\/v2\/pages"}],"about":[{"href":"https:\/\/salud.utp.edu.co\/especializacion-gerencia-deporte-recreacion\/wp-json\/wp\/v2\/types\/page"}],"author":[{"embeddable":true,"href":"https:\/\/salud.utp.edu.co\/especializacion-gerencia-deporte-recreacion\/wp-json\/wp\/v2\/users\/1"}],"replies":[{"embeddable":true,"href":"https:\/\/salud.utp.edu.co\/especializacion-gerencia-deporte-recreacion\/wp-json\/wp\/v2\/comments?post=10108"}],"version-history":[{"count":4,"href":"https:\/\/salud.utp.edu.co\/especializacion-gerencia-deporte-recreacion\/wp-json\/wp\/v2\/pages\/10108\/revisions"}],"predecessor-version":[{"id":10299,"href":"https:\/\/salud.utp.edu.co\/especializacion-gerencia-deporte-recreacion\/wp-json\/wp\/v2\/pages\/10108\/revisions\/10299"}],"wp:attachment":[{"href":"https:\/\/salud.utp.edu.co\/especializacion-gerencia-deporte-recreacion\/wp-json\/wp\/v2\/media?parent=10108"}],"curies":[{"name":"wp","href":"https:\/\/api.w.org\/{rel}","templated":true}]}}